{"id":198,"date":"2023-01-06T03:57:18","date_gmt":"2023-01-06T03:57:18","guid":{"rendered":"https:\/\/gaviaspreview.com\/wp\/welowe\/?page_id=198"},"modified":"2024-12-25T15:33:55","modified_gmt":"2024-12-25T15:33:55","slug":"donations-page","status":"publish","type":"page","link":"https:\/\/acadi-ev.de\/ar\/donations-page\/","title":{"rendered":"Donations Page"},"content":{"rendered":"<div data-elementor-type=\"wp-page\" data-elementor-id=\"198\" class=\"elementor elementor-198\" data-elementor-post-type=\"page\">\n\t\t\t\t<div class=\"elementor-element elementor-element-17e7d95 e-flex e-con-boxed e-con e-parent\" data-id=\"17e7d95\" data-element_type=\"container\" data-e-type=\"container\" data-settings=\"{&quot;background_background&quot;:&quot;slideshow&quot;,&quot;background_slideshow_gallery&quot;:[{&quot;id&quot;:877,&quot;url&quot;:&quot;https:\\\/\\\/acadi-ev.de\\\/wp-content\\\/uploads\\\/2024\\\/10\\\/15361.jpg&quot;},{&quot;id&quot;:178,&quot;url&quot;:&quot;https:\\\/\\\/acadi-ev.de\\\/wp-content\\\/uploads\\\/2023\\\/01\\\/breadcrumb-02.jpg&quot;}],&quot;background_slideshow_ken_burns&quot;:&quot;yes&quot;,&quot;background_slideshow_loop&quot;:&quot;yes&quot;,&quot;background_slideshow_slide_duration&quot;:5000,&quot;background_slideshow_slide_transition&quot;:&quot;fade&quot;,&quot;background_slideshow_transition_duration&quot;:500,&quot;background_slideshow_ken_burns_zoom_direction&quot;:&quot;in&quot;}\">\n\t\t\t\t\t<div class=\"e-con-inner\">\n\t\t<div class=\"elementor-element elementor-element-02fb5fa e-con-full e-flex e-con e-child\" data-id=\"02fb5fa\" data-element_type=\"container\" data-e-type=\"container\">\n\t\t\t\t<div class=\"elementor-element elementor-element-aa0e757 elementor-widget elementor-widget-gva-heading-block\" data-id=\"aa0e757\" data-element_type=\"widget\" data-e-type=\"widget\" data-widget_type=\"gva-heading-block.default\">\n\t\t\t\t<div class=\"elementor-widget-container\">\n\t\t\t\t\t<div class=\"gva-element-gva-heading-block gva-element\">   <div class=\"align-center style-1 widget gsc-heading box-align-center auto-responsive\">\r\n      <div class=\"content-inner\">\r\n         \r\n                  \r\n         <div class=\"sub-title\"><span class=\"tagline\"> \u062a\u0628\u0631\u0639<\/span><\/div>  \r\n         \r\n                     <h2 class=\"title\">\r\n               <span>Unabh\u00e4ngig davon wie gro\u00df, Ihre Spende hilft uns!<\/span>\r\n            <\/h2>\r\n                  \r\n         \r\n         \r\n      <\/div>\r\n   <\/div>\r\n<\/div>\t\t\t\t<\/div>\n\t\t\t\t<\/div>\n\t\t\t\t<\/div>\n\t\t\t\t\t<\/div>\n\t\t\t\t<\/div>\n\t\t<div class=\"elementor-element elementor-element-d01638b e-flex e-con-boxed e-con e-parent\" data-id=\"d01638b\" data-element_type=\"container\" data-e-type=\"container\">\n\t\t\t\t\t<div class=\"e-con-inner\">\n\t\t\t\t<div class=\"elementor-element elementor-element-c985c1d elementor-widget elementor-widget-spacer\" data-id=\"c985c1d\" data-element_type=\"widget\" data-e-type=\"widget\" data-widget_type=\"spacer.default\">\n\t\t\t\t<div class=\"elementor-widget-container\">\n\t\t\t\t\t\t\t<div class=\"elementor-spacer\">\n\t\t\t<div class=\"elementor-spacer-inner\"><\/div>\n\t\t<\/div>\n\t\t\t\t\t\t<\/div>\n\t\t\t\t<\/div>\n\t\t\t\t\t<\/div>\n\t\t\t\t<\/div>\n\t\t<div class=\"elementor-element elementor-element-217058b e-flex e-con-boxed e-con e-parent\" data-id=\"217058b\" data-element_type=\"container\" data-e-type=\"container\" data-settings=\"{&quot;background_background&quot;:&quot;classic&quot;}\">\n\t\t\t\t\t<div class=\"e-con-inner\">\n\t\t<div class=\"elementor-element elementor-element-dd0ae25 e-con-full e-flex e-con e-child\" data-id=\"dd0ae25\" data-element_type=\"container\" data-e-type=\"container\">\n\t\t\t\t<div class=\"elementor-element elementor-element-70bc331 elementor-widget elementor-widget-gva-heading-block\" data-id=\"70bc331\" data-element_type=\"widget\" data-e-type=\"widget\" data-widget_type=\"gva-heading-block.default\">\n\t\t\t\t<div class=\"elementor-widget-container\">\n\t\t\t\t\t<div class=\"gva-element-gva-heading-block gva-element\">   <div class=\"align-center style-1 widget gsc-heading box-align-left auto-responsive\">\r\n      <div class=\"content-inner\">\r\n         \r\n                  \r\n           \r\n         \r\n                     <h2 class=\"title\">\r\n               <span>Auf Ihrer Hilfe sind wir angewiesen!\n Ob mit einer einmaligen oder regelm\u00e4\u00dfigen Spende, damit unterst\u00fctzen Sie unsere Arbeit.\n<br>\n<br>Spendenkonto: Ihre Spende hilft uns - und Ihnen!\n<br>\n<br>M\u00e4rkische Bank <br>IBAN: DE36 4506 0009 0050 1665 00\n\n<\/span>\r\n            <\/h2>\r\n                  \r\n         \r\n         \r\n      <\/div>\r\n   <\/div>\r\n<\/div>\t\t\t\t<\/div>\n\t\t\t\t<\/div>\n\t\t\t\t<div class=\"elementor-element elementor-element-b70e85a elementor-widget elementor-widget-gva-heading-block\" data-id=\"b70e85a\" data-element_type=\"widget\" data-e-type=\"widget\" data-widget_type=\"gva-heading-block.default\">\n\t\t\t\t<div class=\"elementor-widget-container\">\n\t\t\t\t\t<div class=\"gva-element-gva-heading-block gva-element\">   <div class=\"align-center style-1 widget gsc-heading box-align-left auto-responsive\">\r\n      <div class=\"content-inner\">\r\n         \r\n                  \r\n           \r\n         \r\n                  \r\n         \r\n                     <div class=\"heading-action\">\r\n               \t\t  <a href=\"https:\/\/paypal.me\/aMaoo?country.x=DE&amp;locale.x=en_US\" class=\"btn-cta btn-theme\">\r\n\t\t\t <span>Paypal<\/span>\r\n\t\t  <\/a>\r\n\r\n\t\t              <\/div>\r\n         \r\n      <\/div>\r\n   <\/div>\r\n<\/div>\t\t\t\t<\/div>\n\t\t\t\t<\/div>\n\t\t\t\t<\/div>\n\t\t\t\t\t<\/div>\n\t\t\t\t<\/div>\n\t\t\t\t<\/div>","protected":false},"excerpt":{"rendered":"<p>Spenden Unabh\u00e4ngig davon wie gro\u00df, Ihre Spende hilft uns! Auf Ihrer Hilfe sind wir angewiesen! Ob mit einer einmaligen oder regelm\u00e4\u00dfigen Spende, damit unterst\u00fctzen Sie unsere Arbeit. Spendenkonto: Ihre Spende [&hellip;]<\/p>","protected":false},"author":1,"featured_media":0,"parent":0,"menu_order":0,"comment_status":"closed","ping_status":"closed","template":"","meta":{"footnotes":""},"class_list":["post-198","page","type-page","status-publish","hentry"],"_links":{"self":[{"href":"https:\/\/acadi-ev.de\/ar\/wp-json\/wp\/v2\/pages\/198","targetHints":{"allow":["GET"]}}],"collection":[{"href":"https:\/\/acadi-ev.de\/ar\/wp-json\/wp\/v2\/pages"}],"about":[{"href":"https:\/\/acadi-ev.de\/ar\/wp-json\/wp\/v2\/types\/page"}],"author":[{"embeddable":true,"href":"https:\/\/acadi-ev.de\/ar\/wp-json\/wp\/v2\/users\/1"}],"replies":[{"embeddable":true,"href":"https:\/\/acadi-ev.de\/ar\/wp-json\/wp\/v2\/comments?post=198"}],"version-history":[{"count":27,"href":"https:\/\/acadi-ev.de\/ar\/wp-json\/wp\/v2\/pages\/198\/revisions"}],"predecessor-version":[{"id":977,"href":"https:\/\/acadi-ev.de\/ar\/wp-json\/wp\/v2\/pages\/198\/revisions\/977"}],"wp:attachment":[{"href":"https:\/\/acadi-ev.de\/ar\/wp-json\/wp\/v2\/media?parent=198"}],"curies":[{"name":"wp","href":"https:\/\/api.w.org\/{rel}","templated":true}]}}