{"id":726,"date":"2024-10-01T21:09:26","date_gmt":"2024-10-01T21:09:26","guid":{"rendered":"https:\/\/acadi-ev.de\/?page_id=726"},"modified":"2024-12-08T00:33:03","modified_gmt":"2024-12-08T00:33:03","slug":"impressum","status":"publish","type":"page","link":"https:\/\/acadi-ev.de\/ar\/impressum\/","title":{"rendered":"\u0645\u0639\u0644\u0648\u0645\u0627\u062a\u0646\u0627"},"content":{"rendered":"<div data-elementor-type=\"wp-page\" data-elementor-id=\"726\" class=\"elementor elementor-726\" data-elementor-post-type=\"page\">\n\t\t\t\t<div class=\"elementor-element elementor-element-c3347da e-flex e-con-boxed e-con e-parent\" data-id=\"c3347da\" data-element_type=\"container\" data-e-type=\"container\">\n\t\t\t\t\t<div class=\"e-con-inner\">\n\t\t\t\t<div class=\"elementor-element elementor-element-90f5c5f elementor-widget elementor-widget-text-editor\" data-id=\"90f5c5f\" data-element_type=\"widget\" data-e-type=\"widget\" data-widget_type=\"text-editor.default\">\n\t\t\t\t<div class=\"elementor-widget-container\">\n\t\t\t\t\t\t\t\t\t<p class=\"TableContents\" style=\"text-align: center;\" align=\"center\"><b><u><span lang=\"DE\" style=\"font-size: 14.0pt;\">ACADI e.V.<\/span><\/u><\/b><\/p><p>Dem Fachkr\u00e4ftemangel entgegenwirken<br \/>Durch F\u00f6rderung und Gewinnung von Fachkr\u00e4ften<br \/>aus Drittstaatsl\u00e4nder<\/p><p><strong>Postanschrift:<\/strong><\/p><p><strong>ACADI e.V.<\/strong><br \/>Frankfurter Stra\u00dfe 39,<\/p><p>58095 Hagen<br \/>\u0623\u0644\u0645\u0627\u0646\u064a\u0627<br \/>info@acadi-ev.de<\/p><p><strong>Vertretungsberechtigter Vorstand:<\/strong><\/p><p>Jano Maoo \/ Adnan Issa<br \/>\u0634\u0627\u0631\u0639 \u0641\u0631\u064a\u062f\u0646\u0633\u062a. 1,<br \/>58097 \u0647\u0627\u062c\u0646<\/p><p><strong>Eingetragen in das Vereinsregister:<\/strong><\/p><p>Amtsgericht Hagen: VR 3352\u00a0<br \/>Umsatzsteuernummer: 321\/5725\/1025<\/p>\t\t\t\t\t\t\t\t<\/div>\n\t\t\t\t<\/div>\n\t\t\t\t\t<\/div>\n\t\t\t\t<\/div>\n\t\t\t\t<\/div>","protected":false},"excerpt":{"rendered":"<p>ACADI e.V. Dem Fachkr\u00e4ftemangel entgegenwirkenDurch F\u00f6rderung und Gewinnung von Fachkr\u00e4ftenaus Drittstaatsl\u00e4nder Postanschrift: ACADI e.V.Frankfurter Stra\u00dfe 39, 58095 HagenDeutschlandinfo@acadi-ev.de Vertretungsberechtigter Vorstand: Jano Maoo \/ Adnan IssaFriedensstr. 1,58097 Hagen Eingetragen in das [&hellip;]<\/p>","protected":false},"author":1,"featured_media":0,"parent":0,"menu_order":0,"comment_status":"closed","ping_status":"closed","template":"","meta":{"footnotes":""},"class_list":["post-726","page","type-page","status-publish","hentry"],"_links":{"self":[{"href":"https:\/\/acadi-ev.de\/ar\/wp-json\/wp\/v2\/pages\/726","targetHints":{"allow":["GET"]}}],"collection":[{"href":"https:\/\/acadi-ev.de\/ar\/wp-json\/wp\/v2\/pages"}],"about":[{"href":"https:\/\/acadi-ev.de\/ar\/wp-json\/wp\/v2\/types\/page"}],"author":[{"embeddable":true,"href":"https:\/\/acadi-ev.de\/ar\/wp-json\/wp\/v2\/users\/1"}],"replies":[{"embeddable":true,"href":"https:\/\/acadi-ev.de\/ar\/wp-json\/wp\/v2\/comments?post=726"}],"version-history":[{"count":13,"href":"https:\/\/acadi-ev.de\/ar\/wp-json\/wp\/v2\/pages\/726\/revisions"}],"predecessor-version":[{"id":906,"href":"https:\/\/acadi-ev.de\/ar\/wp-json\/wp\/v2\/pages\/726\/revisions\/906"}],"wp:attachment":[{"href":"https:\/\/acadi-ev.de\/ar\/wp-json\/wp\/v2\/media?parent=726"}],"curies":[{"name":"wp","href":"https:\/\/api.w.org\/{rel}","templated":true}]}}