{"id":911,"date":"2024-12-11T00:06:55","date_gmt":"2024-12-11T00:06:55","guid":{"rendered":"https:\/\/acadi-ev.de\/?page_id=911"},"modified":"2024-12-14T16:43:06","modified_gmt":"2024-12-14T16:43:06","slug":"aktuelles","status":"publish","type":"page","link":"https:\/\/acadi-ev.de\/en\/aktuelles\/","title":{"rendered":"Aktuelles"},"content":{"rendered":"<div data-elementor-type=\"wp-page\" data-elementor-id=\"911\" class=\"elementor elementor-911\" data-elementor-post-type=\"page\">\n\t\t\t\t<div class=\"elementor-element elementor-element-b57ed85 e-flex e-con-boxed e-con e-parent\" data-id=\"b57ed85\" data-element_type=\"container\" data-e-type=\"container\">\n\t\t\t\t\t<div class=\"e-con-inner\">\n\t\t\t\t<div class=\"elementor-element elementor-element-96f71d5 elementor-widget elementor-widget-gva-posts\" data-id=\"96f71d5\" data-element_type=\"widget\" data-e-type=\"widget\" data-widget_type=\"gva-posts.default\">\n\t\t\t\t<div class=\"elementor-widget-container\">\n\t\t\t\t\t<div class=\"gva-element-gva-posts gva-element\">  \r\n<div class=\"gva-posts-standard clearfix gva-posts\">\r\n\t\t\r\n\t<div class=\"gva-content-items cleafix\"> \r\n\t\t\t<div class=\"item-post\">\r\n   <article id=\"post-950\" class=\"post post-standard__single post-950 type-post status-publish format-standard has-post-thumbnail hentry category-uncategorized\">\r\n      \r\n               <div class=\"post-standard__thumbnail\">\r\n            <a href=\"https:\/\/acadi-ev.de\/en\/2024\/12\/13\/spendenaufruf-gemeinsam-helfen-wir-den-menschen-in-syrien\/\">\r\n               <img fetchpriority=\"high\" decoding=\"async\" width=\"1080\" height=\"1080\" src=\"https:\/\/acadi-ev.de\/wp-content\/uploads\/2024\/12\/WhatsApp-Image-2024-12-13-at-8.06.01-PM.jpeg\" class=\"attachment-full size-full wp-post-image\" alt=\"Spendenaufruf: Gemeinsam helfen wir den Menschen in Syrien\" srcset=\"https:\/\/acadi-ev.de\/wp-content\/uploads\/2024\/12\/WhatsApp-Image-2024-12-13-at-8.06.01-PM.jpeg 1080w, https:\/\/acadi-ev.de\/wp-content\/uploads\/2024\/12\/WhatsApp-Image-2024-12-13-at-8.06.01-PM-1024x1024.jpeg 1024w, https:\/\/acadi-ev.de\/wp-content\/uploads\/2024\/12\/WhatsApp-Image-2024-12-13-at-8.06.01-PM-175x175.jpeg 175w, https:\/\/acadi-ev.de\/wp-content\/uploads\/2024\/12\/WhatsApp-Image-2024-12-13-at-8.06.01-PM-768x768.jpeg 768w, https:\/\/acadi-ev.de\/wp-content\/uploads\/2024\/12\/WhatsApp-Image-2024-12-13-at-8.06.01-PM-12x12.jpeg 12w, https:\/\/acadi-ev.de\/wp-content\/uploads\/2024\/12\/WhatsApp-Image-2024-12-13-at-8.06.01-PM-580x580.jpeg 580w, https:\/\/acadi-ev.de\/wp-content\/uploads\/2024\/12\/WhatsApp-Image-2024-12-13-at-8.06.01-PM-300x300.jpeg 300w, https:\/\/acadi-ev.de\/wp-content\/uploads\/2024\/12\/WhatsApp-Image-2024-12-13-at-8.06.01-PM-600x600.jpeg 600w, https:\/\/acadi-ev.de\/wp-content\/uploads\/2024\/12\/WhatsApp-Image-2024-12-13-at-8.06.01-PM-180x180.jpeg 180w\" sizes=\"(max-width: 1080px) 100vw, 1080px\" \/>            <\/a>\r\n         <\/div>   \r\n         \r\n\r\n      <div class=\"post-standard__content has-thumbnail\">\r\n         <div class=\"post-standard__content-inner\">\r\n            <div class=\"post-standard__meta\">\r\n               <div class=\"clearfix meta-inline post-meta-1\"><span class=\"author vcard\"><i class=\"fas fa-user-circle\"><\/i>Acadi e.V.<\/span><span class=\"post-comment\"><i class=\"fas fa-comments\"><\/i>0 Comments<\/span><\/div>            <\/div> \r\n            <h3 class=\"post-standard__title\"><a href=\"https:\/\/acadi-ev.de\/en\/2024\/12\/13\/spendenaufruf-gemeinsam-helfen-wir-den-menschen-in-syrien\/\" rel=\"bookmark\">Spendenaufruf: Gemeinsam helfen wir den Menschen in Syrien<\/a><\/h3>\r\n                           <div class=\"post-standard__desc\">\r\n                  Liebe Unterst\u00fctzerinnen und Unterst\u00fctzer, die aktuelle Lage in Syrien ist ersch\u00fctternd. Tausende Menschen k\u00e4mpfen ums               <\/div>   \r\n                        <div class=\"post-standard__read-more\">\r\n               <a class=\"btn-border-theme\" href=\"https:\/\/acadi-ev.de\/en\/2024\/12\/13\/spendenaufruf-gemeinsam-helfen-wir-den-menschen-in-syrien\/\">Read more<\/a>\r\n            <\/div>\r\n         <\/div>\r\n\r\n      <\/div>\r\n   <\/article>   \r\n\r\n  <\/div>\r\n\t\t\t<\/div>\r\n\r\n<\/div>\r\n\r\n<\/div>\t\t\t\t<\/div>\n\t\t\t\t<\/div>\n\t\t\t\t\t<\/div>\n\t\t\t\t<\/div>\n\t\t\t\t<\/div>","protected":false},"excerpt":{"rendered":"<p>Acadi e.V.0 Kommentare Spendenaufruf: Gemeinsam helfen wir den Menschen in Syrien Liebe Unterst\u00fctzerinnen und Unterst\u00fctzer, die aktuelle Lage in Syrien ist ersch\u00fctternd. Tausende Menschen k\u00e4mpfen ums Mehr lesen<\/p>","protected":false},"author":1,"featured_media":0,"parent":0,"menu_order":0,"comment_status":"closed","ping_status":"closed","template":"","meta":{"footnotes":""},"class_list":["post-911","page","type-page","status-publish","hentry"],"_links":{"self":[{"href":"https:\/\/acadi-ev.de\/en\/wp-json\/wp\/v2\/pages\/911","targetHints":{"allow":["GET"]}}],"collection":[{"href":"https:\/\/acadi-ev.de\/en\/wp-json\/wp\/v2\/pages"}],"about":[{"href":"https:\/\/acadi-ev.de\/en\/wp-json\/wp\/v2\/types\/page"}],"author":[{"embeddable":true,"href":"https:\/\/acadi-ev.de\/en\/wp-json\/wp\/v2\/users\/1"}],"replies":[{"embeddable":true,"href":"https:\/\/acadi-ev.de\/en\/wp-json\/wp\/v2\/comments?post=911"}],"version-history":[{"count":25,"href":"https:\/\/acadi-ev.de\/en\/wp-json\/wp\/v2\/pages\/911\/revisions"}],"predecessor-version":[{"id":971,"href":"https:\/\/acadi-ev.de\/en\/wp-json\/wp\/v2\/pages\/911\/revisions\/971"}],"wp:attachment":[{"href":"https:\/\/acadi-ev.de\/en\/wp-json\/wp\/v2\/media?parent=911"}],"curies":[{"name":"wp","href":"https:\/\/api.w.org\/{rel}","templated":true}]}}